{"id":109,"date":"2023-08-16T19:27:49","date_gmt":"2023-08-16T19:27:49","guid":{"rendered":"http:\/\/www.cbk.pan.wroc.pl\/conferences\/wroclaw_2023\/?page_id=109"},"modified":"2023-08-20T12:56:45","modified_gmt":"2023-08-20T12:56:45","slug":"loc","status":"publish","type":"page","link":"http:\/\/www.cbk.pan.wroc.pl\/conferences\/wroclaw_2023\/?page_id=109","title":{"rendered":"LOC"},"content":{"rendered":"\n<figure class=\"wp-block-table is-style-stripes\"><table><tbody><tr><td>Anna K\u0119pa, SRC-PAS<\/td><td><a href=\"mailto:ak@cbk.pan.wroc.pl\">ak<\/a>@cbk.pan.wroc.pl<\/td><\/tr><tr><td>Sylwester Ko\u0142oma\u0144ski, IA University of Wroc\u0142aw<\/td><td><a href=\"mailto:kolomaski@astro.uni.wroc.pl\">kolomanski<\/a>@astro.uni.wroc.pl<\/td><\/tr><tr><td> El\u017cbieta Konopka, SRC-PAS<\/td><td><a href=\"mailto:ek@cbk.pan.wroc.pl\">ek<\/a>@cbk.pan.wroc.pl<\/td><\/tr><tr><td>Arun Kumar Awasthi, SRC-PAS<\/td><td><a href=\"mailto:arun@cbk.pan.wroc.pl\">arun<\/a>@cbk.pan.wroc.pl<br>tel. +48 519 552 411<\/td><\/tr><tr><td>Tomasz Mrozek, SRC-PAS<\/td><td><a href=\"mailto:tmrozek@cbk.pan.wroc.pl\">tmrozek<\/a>@cbk.pan.wroc.pl<br> tel.  +48 660 688 517<\/td><\/tr><tr><td>Marek St\u0119\u015blicki, SRC-PAS<\/td><td><a href=\"mailto:sm@cbk.pan.wroc.pl\">sm<\/a>@cbk.pan.wroc.pl<\/td><\/tr><\/tbody><\/table><\/figure>\n","protected":false},"excerpt":{"rendered":"<p>Anna K\u0119pa, SRC-PAS ak@cbk.pan.wroc.pl Sylwester Ko\u0142oma\u0144ski, IA University of Wroc\u0142aw kolomanski@astro.uni.wroc.pl El\u017cbieta Konopka, SRC-PAS ek@cbk.pan.wroc.pl Arun Kumar Awasthi, SRC-PAS arun@cbk.pan.wroc.pltel. +48 519 552 411 Tomasz Mrozek, SRC-PAS tmrozek@cbk.pan.wroc.pl tel. +48 660 688 517 Marek St\u0119\u015blicki, SRC-PAS sm@cbk.pan.wroc.pl<\/p>\n","protected":false},"author":1,"featured_media":0,"parent":0,"menu_order":0,"comment_status":"closed","ping_status":"closed","template":"","meta":{"footnotes":""},"_links":{"self":[{"href":"http:\/\/www.cbk.pan.wroc.pl\/conferences\/wroclaw_2023\/index.php?rest_route=\/wp\/v2\/pages\/109"}],"collection":[{"href":"http:\/\/www.cbk.pan.wroc.pl\/conferences\/wroclaw_2023\/index.php?rest_route=\/wp\/v2\/pages"}],"about":[{"href":"http:\/\/www.cbk.pan.wroc.pl\/conferences\/wroclaw_2023\/index.php?rest_route=\/wp\/v2\/types\/page"}],"author":[{"embeddable":true,"href":"http:\/\/www.cbk.pan.wroc.pl\/conferences\/wroclaw_2023\/index.php?rest_route=\/wp\/v2\/users\/1"}],"replies":[{"embeddable":true,"href":"http:\/\/www.cbk.pan.wroc.pl\/conferences\/wroclaw_2023\/index.php?rest_route=%2Fwp%2Fv2%2Fcomments&post=109"}],"version-history":[{"count":5,"href":"http:\/\/www.cbk.pan.wroc.pl\/conferences\/wroclaw_2023\/index.php?rest_route=\/wp\/v2\/pages\/109\/revisions"}],"predecessor-version":[{"id":293,"href":"http:\/\/www.cbk.pan.wroc.pl\/conferences\/wroclaw_2023\/index.php?rest_route=\/wp\/v2\/pages\/109\/revisions\/293"}],"wp:attachment":[{"href":"http:\/\/www.cbk.pan.wroc.pl\/conferences\/wroclaw_2023\/index.php?rest_route=%2Fwp%2Fv2%2Fmedia&parent=109"}],"curies":[{"name":"wp","href":"https:\/\/api.w.org\/{rel}","templated":true}]}}