{"id":43,"date":"2023-08-16T18:11:30","date_gmt":"2023-08-16T18:11:30","guid":{"rendered":"http:\/\/www.cbk.pan.wroc.pl\/conferences\/wroclaw_2023\/?page_id=43"},"modified":"2023-08-21T13:22:16","modified_gmt":"2023-08-21T13:22:16","slug":"participants","status":"publish","type":"page","link":"http:\/\/www.cbk.pan.wroc.pl\/conferences\/wroclaw_2023\/?page_id=43","title":{"rendered":"Participants"},"content":{"rendered":"\n<figure class=\"wp-block-table is-style-stripes\"><table><tbody>\n<tr><td>S\u00e4m Krucker<\/td><td>FHNW\/UCB<\/td><\/tr><tr><td><\/td><td><i>PSP\/FIELDS radio events and their association with STIX flares<\/i><\/td><\/tr> \n<tr><td>Anna K\u0119pa<\/td><td>Space Research Centre Polish Academy of Sciences<\/td><\/tr><tr><td><\/td><td><i>A multi-thermal analysis of M-class flare observed in common by STIX and XSM<\/i><\/td><\/tr> \n<tr><td>Gelu M. Nita <\/td><td>New Jersey Institute of Technology<\/td><\/tr><tr><td><\/td><td><i>GX Simulator in the era of stereoscopic Hard X-ray observations<\/i><\/td><\/tr> \n<tr><td>Laura Hayes<\/td><td>ESA<\/td><\/tr><tr><td><\/td><td><i>Flare list fun<\/i><\/td><\/tr> \n<tr><td>Olivier Limousin<\/td><td>CEA\/DRF\/Irfu\/Astrophysics division<\/td><\/tr><tr><td><\/td><td><i><\/i><\/td><\/tr> \n\n<tr><td>Galina G. Motorina<\/td><td>Astronomical Institute of the CAS<\/td><\/tr><tr><td><\/td><td><i><\/i><\/td><\/tr> \n<tr><td>Frederic Schuller<\/td><td>Leibniz Institut f\u00fcr Astrophysik Potsdam<\/td><\/tr><tr><td><\/td><td><i>Updates on STIX and Solar Orbiter poiting<\/i><\/td><\/tr> \n<tr><td>Alexander Warmuth<\/td><td>Leibniz-Institute for Astrophysics Potsdam (AIP)<\/td><\/tr><tr><td><\/td><td><i>Update on solar electron events observed with remote-sensing and in-situ instruments on Solar Orbiter<\/i><\/td><\/tr> \n<tr><td>Muriel Zo\u00eb Stiefel<\/td><td>FHNW & ETH Z\u00fcrich<\/td><\/tr><tr><td><\/td><td><i>STIX hard X-ray signatures from erupting filaments<\/i><\/td><\/tr> \n<tr><td>Dr Nicole Vilmer<\/td><td>LESIA-Paris Observatory-PSL<\/td><\/tr><tr><td><\/td><td><i>A multi wavelenght study of the long duration May 9 2021 event: combined X-ray, radio and EUV observations<\/i><\/td><\/tr> \n<tr><td>Debesh Bhattacharjee<\/td><td>University of Glasgow, Glasgow, UK<\/td><\/tr><tr><td><\/td><td><i>On the Modelling of Solar Flare Hard X-Ray Spectra using STIX Data<\/i><\/td><\/tr> \n<tr><td>Antoine Strugarek<\/td><td>CEA Paris-Saclay<\/td><\/tr><tr><td><\/td><td><i><\/i><\/td><\/tr> \n<tr><td>Natalia Bajnokova<\/td><td>University of Glasgow<\/td><\/tr><tr><td><\/td><td><i>First joint NuSTAR and Solar Orbiter\/STIX X-ray observations of solar microflares<\/i><\/td><\/tr> \n<tr><td>Hannah Collier<\/td><td>FHNW, ETHZ<\/td><\/tr><tr><td><\/td><td><i>EUI\/FSI short exposure observations of STIX flares<\/i><\/td><\/tr> \n<tr><td>Andrea Francesco Battaglia<\/td><td>FHNW<\/td><\/tr><tr><td><\/td><td><i>Hot X-ray onsets: Tracing flare precursors in Mg II for predictive insights<\/i><\/td><\/tr> \n<tr><td>Arun Kumar Awasthi<\/td><td>Space Research Centre, Polish Academy of Sciences, Wroclaw, Poland<\/td><\/tr><tr><td><\/td><td><i>Hard X-ray richness in weak flares observed by STIX, AIA, and STEREO-A<\/i><\/td><\/tr> \n<tr><td>BRUN Allan Sacha<\/td><td>Dept. of Astrophysics, CEA Paris-Saclay<\/td><\/tr><tr><td><\/td><td><i><\/i><\/td><\/tr> \n<tr><td>Alexandra Lysenko<\/td><td>Ioffe Institute<\/td><\/tr><tr><td><\/td><td><i>Joint Observations of Solar Flares by Konus-Wind and SolO\/STIX<\/i><\/td><\/tr> \n<tr><td>Hanya Pan<\/td><td>University of Graz, University of Science and Technology of China<\/td><\/tr><tr><td><\/td><td><i>The height evolution and distribution of double-source X-ray emission during a flare<\/i><\/td><\/tr> \n<tr><td>Michalina Litwicka<\/td><td>University of Wroc\u0142aw, Centre of Scientific Excellence \u2013 Solar and Stellar Activity, Kopernika 11, PL-51622 Wroc\u0142aw, Poland \/ and \/ Space Research Centre PAS<\/td><\/tr><tr><td><\/td><td><i>Statistical analysis of compact flares observed by STIX<\/i><\/td><\/tr> \n<tr><td>Daniel Ryan<\/td><td>FHNW<\/td><\/tr><tr><td><\/td><td><i>3D evolution of a solar flare thermal X-ray loop-top source<\/i><\/td><\/tr> \n<tr><td>Franti\u0161ek F\u00e1rn\u00edk<\/td><td>Astronomical Institute Ond\u0159ejov<\/td><\/tr><tr><td><\/td><td><i><\/i><\/td><\/tr> \n<tr><td>Rohit Sharma<\/td><td>FHNW, Windisch<\/td><\/tr><tr><td><\/td><td><i>Simultaneous solar flares observations in X-rays and meterwavelengths using STIX and MWA<\/i><\/td><\/tr> \n<tr><td>Jana Ka\u0161parov\u00e1<\/td><td>Astronomical Institute of the CAS<\/td><\/tr><tr><td><\/td><td><i>STIX HXR sources of the Apr 2, 2022 eruptive flare<\/i><\/td><\/tr> \n<tr><td>Sophie Musset<\/td><td>European Space Agency<\/td><\/tr><tr><td><\/td><td><i><\/i><\/td><\/tr> \n<tr><td>Marek St\u0119\u015blicki<\/td><td>Centrum Bada\u0144 Kosmicznych PAN<\/td><\/tr><tr><td><\/td><td><i><\/i><\/td><\/tr> \n<tr><td>Karol J. Ku\u0142aga<\/td><td>Astronomical Institute, University of Wroclaw, Kopernika 11, 51-622 Wroclaw, Poland<\/td><\/tr><tr><td><\/td><td><i>Elementary flare profile fit to X-ray light curves registered by STIX - Continuation<\/i><\/td><\/tr> \n<tr><td>Paolo Massa<\/td><td>Western Kentucky University<\/td><\/tr><tr><td><\/td><td><i><\/i><\/td><\/tr> \n<tr><td>Yingjie Luo<\/td><td>University of Glasgow<\/td><\/tr><tr><td><\/td><td><i><\/i><\/td><\/tr> \n<tr><td>Ivan Zimovets<\/td><td>Space Research Institute of the Russian Academy of Sciences<\/td><\/tr><tr><td><\/td><td><i><\/i><\/td><\/tr> \n<tr><td>Janusz Sylwester<\/td><td>Space Research Centre, PAS, Solar Physics Division Wroc\u0142aw<\/td><\/tr><tr><td><\/td><td><i>TEMIRA \u2013 a new approach for determining flare plasma parameters from X-ray spectrum below 10 keV<\/i><\/td><\/tr> \n<tr><td>Shilpi Bhunia<\/td><td>Dublin Institute for Advanced Studies, Trinity College Dublin<\/td><\/tr><tr><td><\/td><td><i>Localising Signatures of Particles Acceleration in Low Solar Atmosphere<\/i><\/td><\/tr> \n<tr><td>Shilpi Bhunia<\/td><td>Dublin Institute for Advanced Studies, Trinity College Dublin<\/td><\/tr><tr><td><\/td><td><i>Localising Signatures of Particles Acceleration in Low Solar Atmosphere<\/i><\/td><\/tr> \n<tr><td>Barbara Sylwester<\/td><td>Space Research Centre, PAS Warsaw, Solar Physics Division Wroc\u0142aw<\/td><\/tr><tr><td><\/td><td><i>An Atlas of archived Flat Crystal Spectrometer (SMM) spectra<\/i><\/td><\/tr> \n<tr><td>Michal Varady<\/td><td>Faculty od Science, UJEP<\/td><\/tr><tr><td><\/td><td><i><\/i><\/td><\/tr> \n<tr><td>Emma Perracchione<\/td><td>Politecnico di Torino<\/td><\/tr><tr><td><\/td><td><i><\/i><\/td><\/tr> \n<tr><td>michele piana<\/td><td>MIDA, dipartimento di matematica, universit\u00e0 di genova<\/td><\/tr><tr><td><\/td><td><i>Automated and multi-scale CLEAN methods for STIX visibilities<\/i><\/td><\/tr> \n<tr><td>Anna Volpara<\/td><td>MIDA, dipartimento di matematica, Universit\u00e0 degli Studi di Genova<\/td><\/tr><tr><td><\/td><td><i>Update on electron maps for STIX<\/i><\/td><\/tr> \n<tr><td>Tomasz Mrozek<\/td><td>Centrum Bada\u0144 Kosmicznych PAN<\/td><\/tr><tr><td><\/td><td><i>Update on coronal HXR sources produced during a failed eruption.<\/i><\/td><\/tr> \n<tr><td>Katarzyna Miku\u0142a<\/td><td>Space Research Centre, PAS<\/td><\/tr><tr><td><\/td><td><i>The energy-altitude relation in the solar flare footpoints observed by STIX<\/i><\/td><\/tr> \n<tr><td>Ewan Dickson<\/td><td>University of Graz<\/td><\/tr><tr><td><\/td><td><i>STIX IDL GSW update<\/i><\/td><\/tr> \n<tr><td>Kenneth Phillips<\/td><td>Natural History Museum, London<\/td><\/tr><tr><td><\/td><td><i>Getting the flare iron abundance from RHESSI observations of the Fe line feature in solar flares. <\/i><\/td><\/tr> \n<tr><td>Gregory Fleishman<\/td><td>CSTR<\/td><\/tr><tr><td><\/td><td><i><\/i><\/td><\/tr> \n<tr><td>Petr Heinzel<\/td><td>Czech Academy of Sciences\/Wroclaw University<\/td><\/tr><tr><td><\/td><td><i><\/i><\/td><\/tr> \n<tr><td>Shane Maloney<\/td><td>Dublin Institute of Advanced Studies<\/td><\/tr><tr><td><\/td><td><i><\/i><\/td><\/tr> \n<tr><td>Mateusz Tykierko<\/td><td>Wroclaw Centre for Networking and Supercomputing<\/td><\/tr><tr><td><\/td><td><i>Data processing services for scientific community<\/i><\/td><\/tr> \n<tr><td>Sylwester Ko\u0142oma\u0144ski<\/td><td>Astronomical Institute, University of Wroc\u0142aw<\/td><\/tr><tr><td><\/td><td><i><\/i><\/td><\/tr> \n<tr><td>Jana Kasperov\u00e1<\/td><td>J. E. Purkyn\u011b University in \u00dast\u00ed nad Labem<\/td><\/tr><tr><td><\/td><td><i><\/i><\/td><\/tr> \n<tr><td>Dale Gary<\/td><td>New Jersey Institute of Technology<\/td><\/tr><tr><td><\/td><td><i>EOVSA Update<\/i><\/td><\/tr> \n<tr><td>Arkadiusz Berlicki<\/td><td>Centre of Excellence - Solar and Stellar Activity, University of Wroc\u0142aw, Poland<\/td><\/tr><tr><td><\/td><td><i><\/i><\/td><\/tr> \n<tr><td>Ma\u0142gorzata Pietras<\/td><td>University of Wroc\u0142aw<\/td><\/tr><tr><td><\/td><td><i><\/i><\/td><\/tr> \n<tr><td>Kamil Bicz<\/td><td>Astronomical Institute of the University of Wroc\u0142aw<\/td><\/tr><tr><td><\/td><td><i><\/i><\/td><\/tr> \n<tr><td>Pawe\u0142 Pre\u015b<\/td><td>Instytut Astronomiczny, University of Wroc\u0142aw<\/td><\/tr><tr><td><\/td><td><i><\/i><\/td><\/tr> \n<tr><td>Gordon Hurford<\/td><td>FHNW \/ HMS<\/td><\/tr><tr><td><\/td><td><i><\/i><\/td><\/tr> \n<tr><td>Yang Su<\/td><td>Purple Mountain Observatory, Chinese Academy of Sciences<\/td><\/tr><tr><td><\/td><td><i>The status and early results of ASO-S\/HXI<\/i><\/td><\/tr> \n<tr><td>Qiao Li<\/td><td>Purple Mountain Observatory<\/td><\/tr><tr><td><\/td><td><i><\/i><\/td><\/tr> \n<tr><td>Changxue Chen<\/td><td>Purple Mountain Observatory, CAS<\/td><\/tr><tr><td><\/td><td><i>Hard X-ray imaging of quasi periodic pulsations at the footpoints of a solar flare<\/i><\/td><\/tr> \n<tr><td>Zhentong Li<\/td><td>Purple Mountain Observatory<\/td><\/tr><tr><td><\/td><td><i><\/i><\/td><\/tr> \n\n\n<\/tbody><\/table><\/figure>\n","protected":false},"excerpt":{"rendered":"","protected":false},"author":1,"featured_media":0,"parent":0,"menu_order":0,"comment_status":"closed","ping_status":"closed","template":"","meta":{"footnotes":""},"_links":{"self":[{"href":"http:\/\/www.cbk.pan.wroc.pl\/conferences\/wroclaw_2023\/index.php?rest_route=\/wp\/v2\/pages\/43"}],"collection":[{"href":"http:\/\/www.cbk.pan.wroc.pl\/conferences\/wroclaw_2023\/index.php?rest_route=\/wp\/v2\/pages"}],"about":[{"href":"http:\/\/www.cbk.pan.wroc.pl\/conferences\/wroclaw_2023\/index.php?rest_route=\/wp\/v2\/types\/page"}],"author":[{"embeddable":true,"href":"http:\/\/www.cbk.pan.wroc.pl\/conferences\/wroclaw_2023\/index.php?rest_route=\/wp\/v2\/users\/1"}],"replies":[{"embeddable":true,"href":"http:\/\/www.cbk.pan.wroc.pl\/conferences\/wroclaw_2023\/index.php?rest_route=%2Fwp%2Fv2%2Fcomments&post=43"}],"version-history":[{"count":65,"href":"http:\/\/www.cbk.pan.wroc.pl\/conferences\/wroclaw_2023\/index.php?rest_route=\/wp\/v2\/pages\/43\/revisions"}],"predecessor-version":[{"id":333,"href":"http:\/\/www.cbk.pan.wroc.pl\/conferences\/wroclaw_2023\/index.php?rest_route=\/wp\/v2\/pages\/43\/revisions\/333"}],"wp:attachment":[{"href":"http:\/\/www.cbk.pan.wroc.pl\/conferences\/wroclaw_2023\/index.php?rest_route=%2Fwp%2Fv2%2Fmedia&parent=43"}],"curies":[{"name":"wp","href":"https:\/\/api.w.org\/{rel}","templated":true}]}}