{"id":46,"date":"2023-08-16T18:11:30","date_gmt":"2023-08-16T18:11:30","guid":{"rendered":"http:\/\/www.cbk.pan.wroc.pl\/conferences\/wroclaw_2023\/?page_id=46"},"modified":"2023-08-17T14:02:23","modified_gmt":"2023-08-17T14:02:23","slug":"getting-to-wroclaw","status":"publish","type":"page","link":"http:\/\/www.cbk.pan.wroc.pl\/conferences\/wroclaw_2023\/?page_id=46","title":{"rendered":"Getting to Wroc\u0142aw"},"content":{"rendered":"\n<p class=\"has-medium-font-size\"><strong>By Flight:<\/strong><br>Wroc\u0142aw is served by Nicolaus Copernicus airport:&nbsp;<a href=\"https:\/\/airport.wroclaw.pl\/en\/\" target=\"_blank\" rel=\"noreferrer noopener\">https:\/\/airport.wroclaw.pl\/en\/<\/a>.<br>Taxis and buses are available outside the airport.<\/p>\n\n\n\n<p class=\"has-medium-font-size\"><p class=\"has-medium-font-size\"><strong>By train:<\/strong><br>Wroc\u0142aw has three main railway stations: Wroc\u0142aw G\u0142\u00f3wny (Central Railway Station), Wroc\u0142aw Nadodrze and Wroc\u0142aw Mikolaj\u00f3w. We advise you to disembark at Wroc\u0142aw G\u0142\u00f3wny Station. For details see: <a href=\"http:\/\/www.pkp.pl\" target=\"_blank\" rel=\"noopener\">http:\/\/www.pkp.pl<\/a><br><br>\nThe bus and tram stops are available near-by each station and the public transport to travel within the city can be searched from google map or through Jakdojade (https:\/\/jakdojade.pl\/wroclaw\/trasa).\n<\/p><\/p>\n\n\n\n<p class=\"has-medium-font-size\"><strong>Renting the car<\/strong>&nbsp;is easily possible at the airport but it may cause more troubles than benefits. Due to extensive road reconstruction, the city traffic often gets terribly jammed. Roads could be closed at the short instance and there are many re-routings so we advise to use public transport. \n<br><br>\nParticipants will be provided tickets for public transport just after reaching the <a href=\"http:\/\/www.cbk.pan.wroc.pl\/conferences\/wroclaw_2023\/?page_id=15\">Venue<\/a>.<\/p>\n","protected":false},"excerpt":{"rendered":"<p>By Flight:Wroc\u0142aw is served by Nicolaus Copernicus airport:&nbsp;https:\/\/airport.wroclaw.pl\/en\/.Taxis and buses are available outside the airport. By train:Wroc\u0142aw has three main railway stations: Wroc\u0142aw G\u0142\u00f3wny (Central Railway Station), Wroc\u0142aw Nadodrze and Wroc\u0142aw Mikolaj\u00f3w. We advise you to disembark at Wroc\u0142aw G\u0142\u00f3wny Station. For details see: http:\/\/www.pkp.pl The bus and tram stops are available near-by each station &hellip; <a href=\"http:\/\/www.cbk.pan.wroc.pl\/conferences\/wroclaw_2023\/?page_id=46\" class=\"more-link\">Continue reading <span class=\"screen-reader-text\">Getting to Wroc\u0142aw<\/span> <span class=\"meta-nav\">&rarr;<\/span><\/a><\/p>\n","protected":false},"author":1,"featured_media":0,"parent":0,"menu_order":0,"comment_status":"closed","ping_status":"closed","template":"","meta":{"footnotes":""},"_links":{"self":[{"href":"http:\/\/www.cbk.pan.wroc.pl\/conferences\/wroclaw_2023\/index.php?rest_route=\/wp\/v2\/pages\/46"}],"collection":[{"href":"http:\/\/www.cbk.pan.wroc.pl\/conferences\/wroclaw_2023\/index.php?rest_route=\/wp\/v2\/pages"}],"about":[{"href":"http:\/\/www.cbk.pan.wroc.pl\/conferences\/wroclaw_2023\/index.php?rest_route=\/wp\/v2\/types\/page"}],"author":[{"embeddable":true,"href":"http:\/\/www.cbk.pan.wroc.pl\/conferences\/wroclaw_2023\/index.php?rest_route=\/wp\/v2\/users\/1"}],"replies":[{"embeddable":true,"href":"http:\/\/www.cbk.pan.wroc.pl\/conferences\/wroclaw_2023\/index.php?rest_route=%2Fwp%2Fv2%2Fcomments&post=46"}],"version-history":[{"count":5,"href":"http:\/\/www.cbk.pan.wroc.pl\/conferences\/wroclaw_2023\/index.php?rest_route=\/wp\/v2\/pages\/46\/revisions"}],"predecessor-version":[{"id":221,"href":"http:\/\/www.cbk.pan.wroc.pl\/conferences\/wroclaw_2023\/index.php?rest_route=\/wp\/v2\/pages\/46\/revisions\/221"}],"wp:attachment":[{"href":"http:\/\/www.cbk.pan.wroc.pl\/conferences\/wroclaw_2023\/index.php?rest_route=%2Fwp%2Fv2%2Fmedia&parent=46"}],"curies":[{"name":"wp","href":"https:\/\/api.w.org\/{rel}","templated":true}]}}